{"id":552,"date":"2016-01-02T13:09:31","date_gmt":"2016-01-02T13:09:31","guid":{"rendered":"http:\/\/www.bluesbrauser.com\/wordpress\/?page_id=552"},"modified":"2020-11-22T11:20:36","modified_gmt":"2020-11-22T10:20:36","slug":"bandinfo","status":"publish","type":"page","link":"http:\/\/www.bluesbrauser.com\/wordpress\/?page_id=552","title":{"rendered":"Bandinfo"},"content":{"rendered":"<p><strong>(1) Pressetext<\/strong><\/p>\n<p>Bluesbrauser &#8211; W\u00e5s s\u00e5g er? (Live)<\/p>\n<p>Endlich ist es soweit: Die Bluesbrauser pr\u00e4sentieren mit \u201eW\u00e5s s\u00e5g er?\u201c ihr erstes&nbsp;Live-Album. Nach drei Studiowerken (\u201eKasleberkas\u201c\/2004, \u201eI fiacht mi vor\u2019m Friseur\u201c\/2008, und \u201eKoa Zeit\u201c\/2012) erlebt man die Brauser auf \u201eW\u00e5s s\u00e5g er?\u201c (2014) voll und ganz in ihrem Element \u2013 beim Live-Musizieren von pointierten Songs, die nach vorne weggrooven. Denn die Bluesbrauser sind ein rollender, musikalischer Expresszug aus dem Pongauer Salzach-Delta und live ein Erlebnis.<\/p>\n<p>Aufgenommen wurde das Album an zwei stimmungsvollen Konzertabenden in der Kulturplattform St. Johann. Das Besondere an der Liedauswahl: Neben dem einen oder anderen Bluesbrauser-Hit ist der Gro\u00dfteil der Songs bisher unver\u00f6ffentlicht. Das macht \u201eW\u00e5s s\u00e5g er?\u201c zu einem eigenst\u00e4ndigen, unerh\u00f6rten Werk. Es reitet mit uns \u201eDa Cowboy vo St. Veit\u201c, wir sind \u201eGuat drauf\u201c weil \u201eDa Papa h\u00e5t heit frei\u201d, dabei fragen wir uns \u201cWo ist die Kohle?\u201c und stellen fest \u201eDes Lebm is z\u2019kurz\u201c. Blues, Rock, Soul, eine Brise Country und ein wenig Pop \u2013 alles da, alles live.<\/p>\n<p>Virtuos vorgetragen ist \u201eW\u00e5s s\u00e5g er?\u201c ein kurzweiliger Spa\u00df. J\u00fcrgen Stummer am Schlagzeug pickt auf der Eins, Percussionist Bernd Barkmann unterst\u00fctzt ihn dabei auf vielseitige Art, Gerald Burgstaller spielt am Bass alle St\u00fcckerl, Manuel Schwarzkogler zelebriert das Mundharmonika-Spiel, Georg Gruber haut ein irrwitziges Gitarrensolo nach dem anderen raus und Frontman und Mastermind Alexander Reicher ist sowieso vor allem eins: ein begnadeter Performer. Ladies und Gentlemen, meine Damen und Herren, lassen Sie sich entf\u00fchren \u2013 in ein vibrierendes, musikalisch einzigartiges Bluesbrauser-Konzert \u2026 f\u00fcr zu Hause.<\/p>\n<p>Bluesbrauser sind:<img loading=\"lazy\" decoding=\"async\" class=\"size-medium wp-image-903 alignright\" src=\"http:\/\/www.bluesbrauser.com\/wordpress\/wp-content\/uploads\/2017\/12\/Bluesbrauser-ARGEkultur-2017-1-293x300.jpg\" alt=\"\" width=\"293\" height=\"300\" srcset=\"http:\/\/www.bluesbrauser.com\/wordpress\/wp-content\/uploads\/2017\/12\/Bluesbrauser-ARGEkultur-2017-1-293x300.jpg 293w, http:\/\/www.bluesbrauser.com\/wordpress\/wp-content\/uploads\/2017\/12\/Bluesbrauser-ARGEkultur-2017-1-768x786.jpg 768w, http:\/\/www.bluesbrauser.com\/wordpress\/wp-content\/uploads\/2017\/12\/Bluesbrauser-ARGEkultur-2017-1.jpg 782w\" sizes=\"auto, (max-width: 293px) 100vw, 293px\" \/> Alexander Reicher (Gitarre, Piano, Gesang)<br \/>\nManuel Schwarzkogler (Harp, Gesang)<br \/>\nBernd Barkmann (Percussion, Gesang)<br \/>\nGeorg Gruber (Gitarre)<br \/>\nGerald Burgstaller (Bass)<br \/>\nJ\u00fcrgen Stummer (Schlagzeug)<\/p>\n<p><b>(2) Mundartmusik<\/b><\/p>\n<p>Bluesbrauser bieten Mundartmusik gesungen im Salzburger Dialekt mit humorvollem Einschlag und mehrstimmigen Gesang.<\/p>\n<p><b>(3) Musikstil<\/b><\/p>\n<p>Stilistisch spannen Bluesbrauser einen breiten Bogen: <b>Acapella, Balladen, Volxmusik, Weltmusik.<\/b> Ihre Eigenkompositionen verbinden Elemente des <b>Funk, Blues, Reggae, Soul, Pop, Rap und Jazz.<\/b><\/p>\n<p><b>(4) Veranstaltungsreferenzen (Auswahl)<\/b><\/p>\n<p>Rabenhof Wien (2. Platz Protestsongcontest),&nbsp;Museumsquartier Wien,&nbsp;Posthof Linz,&nbsp;ARGEKultur Salzburg,&nbsp;Rockhouse Salzburg (Saal &amp; Bar &amp; 17. Rockhouse-Birthday Party),&nbsp;Urbankeller Salzburg,&nbsp;Cinetheatro Neukirchen,&nbsp;Republic Salzburg,&nbsp;Theaterb\u00fchne St.Veit,&nbsp;Kulturverein Schloss Goldegg,&nbsp;Goldegger Blues &amp; Folk Festival (gemeinsam mit Querschl\u00e4ger),&nbsp;Herbstl\u00e4rm Festival St.Johann\/Pg (gemeinsam mit Harry Stojka, Kreisky, &#8230;), Kulturplattform St.Johann\/Pg, Stadtfest St.Johann\/Pg, &nbsp;Analogfestival Weinviertel (gemeinsam mit JaPanik!, uvm&#8230;), Kulturverein Waidring (T), Kulturverein Eferding (O\u00d6), Gumpersdorfer Kulturtage (DE, gemeinsam mit Global Kryner),&nbsp;Tauernbahnmusem Schwarzach,&nbsp;Rock on the Lok Festival Schwarzach,&nbsp;Kulturverein Chrumbas in Krimml, Kulturverein Schloss H\u00f6ch in Flachau,&nbsp;uvm. unter anderem auch bei Vernissagen, Privatfeiern, Firmenfeiern.<\/p>\n<p><b>(5) Zielpublikum<\/b><\/p>\n<p>5-99 Jahre<\/p>\n<p><b>(6) Neue CD 2015: W\u00e5s s\u00e5g er? (Live)<\/b><\/p>\n<p>Die neue CD \u201e<b>W\u00e5s s\u00e5g er? (Live)<\/b>\u201c erschienen bei Vienna Today (2015). Gemischt und gemastert wurde die neue CD von Hannes Gappmaier und Arno Wagenhofer (Plastotype, U2 Coverband, uvm.).<\/p>\n<p><b>(7) Videos online<\/b><\/p>\n<p>&#8211; <a href=\"https:\/\/www.youtube.com\/watch?v=wUXJg1LRmek&amp;t=2734s\" target=\"_blank\" rel=\"noopener noreferrer\">https:\/\/www.youtube.com\/watch?v=wUXJg1LRmek&amp;t=2734s<\/a> (Livevideostream aus dem Rockhouse Salzburg :: Club Session 2020 )<\/p>\n<p>&#8211;&nbsp;<a href=\"https:\/\/www.youtube.com\/watch?v=9gRjyiSMqtU\" target=\"_blank\" rel=\"noopener noreferrer\">https:\/\/www.youtube.com\/watch?v=9gRjyiSMqtU<\/a> (Live beim MUNDartG&#8217;song 2017)<\/p>\n<p>&#8211;&nbsp;<a href=\"https:\/\/www.youtube.com\/watch?v=bWY2hCON5Vk\" target=\"_blank\" rel=\"noopener noreferrer\">https:\/\/www.youtube.com\/watch?v=bWY2hCON5Vk<\/a> (Live beim MUNDartG&#8217;song 2017)<\/p>\n<p>&#8211;&nbsp;<a href=\"https:\/\/www.youtube.com\/watch?v=rQRgCUkOY58\" target=\"_blank\" rel=\"noopener noreferrer\">https:\/\/www.youtube.com\/watch?v=rQRgCUkOY58<\/a> (Video &#8211; Cowboy vo&#8216; St.Veit 2016)<\/p>\n<p>&#8211; <a href=\"http:\/\/www.youtube.com\/watch?v=fzdDNWyhAGQ\" target=\"_blank\" rel=\"noopener noreferrer\">http:\/\/www.youtube.com\/watch?v=fzdDNWyhAGQ<\/a> (Live in der ARGEkultur 2012)<\/p>\n<p>&#8211; <a href=\"http:\/\/www.youtube.com\/watch?v=yH3yDRi_h5o\" target=\"_blank\" rel=\"noopener noreferrer\">http:\/\/www.youtube.com\/watch?v=yH3yDRi_h5o<\/a> (Doku auf ARTE TV 2012)<\/p>\n<p>&#8211; <a href=\"http:\/\/www.youtube.com\/watch?v=3c42VmnoE4s\" target=\"_blank\" rel=\"noopener noreferrer\">http:\/\/www.youtube.com\/watch?v=3c42VmnoE4s<\/a> (Live Herbstl\u00e4rm 2010)<\/p>\n<p>&#8211; <a href=\"http:\/\/www.youtube.com\/watch?v=q4fZ9y3S8cU\" target=\"_blank\" rel=\"noopener noreferrer\">http:\/\/www.youtube.com\/watch?v=q4fZ9y3S8cU<\/a> (Video &#8211; Friseur 2008)<\/p>\n<p>&#8211; <a href=\"http:\/\/www.youtube.com\/watch?v=8MjxRqjSJxw\" target=\"_blank\" rel=\"noopener noreferrer\">http:\/\/www.youtube.com\/watch?v=8MjxRqjSJxw<\/a> (Video &#8211; Es kennt\u2019s mi 2009)<\/p>\n<p><b>(8) Webseiten &amp; Portraits &amp; Radio<\/b><\/p>\n<p>&#8211; <a href=\"http:\/\/www.bluesbrauser.com\" target=\"_blank\" rel=\"noopener noreferrer\">www.bluesbrauser.com<\/a><\/p>\n<p>&#8211; <a href=\"http:\/\/de-de.facebook.com\/pages\/Bluesbrauser\/118406134902073\" target=\"_blank\" rel=\"noopener noreferrer\">http:\/\/de-de.facebook.com\/pages\/Bluesbrauser\/118406134902073<\/a><\/p>\n<p>&#8211; <a href=\"http:\/\/www.myspace.com\/bluesbrauser\" target=\"_blank\" rel=\"noopener noreferrer\">http:\/\/www.myspace.com\/bluesbrauser<\/a><\/p>\n<p>&#8211; <a href=\"http:\/\/www.salzburg.com\/wiki\/index.php\/Bluesbrauser\" target=\"_blank\" rel=\"noopener noreferrer\">http:\/\/www.salzburg.com\/wiki\/index.php\/Bluesbrauser<\/a><\/p>\n<p>&#8211; <a href=\"http:\/\/www.musicaustria.at\/magazin\/bluesbrauser\/portraet-bluesbrauser\" target=\"_blank\" rel=\"noopener noreferrer\">http:\/\/www.musicaustria.at\/magazin\/bluesbrauser\/portraet-bluesbrauser<\/a><\/p>\n<p>&#8211; <a href=\"http:\/\/db.musicaustria.at\/node\/167861\" target=\"_blank\" rel=\"noopener noreferrer\">http:\/\/db.musicaustria.at\/node\/167861<\/a> (Music Information Center Austria)<\/p>\n<p>&#8211; <a href=\"http:\/\/www.musicaustria.at\/en\/magazin\/artists\/bluesbrauser-1\" target=\"_blank\" rel=\"noopener noreferrer\">http:\/\/www.musicaustria.at\/en\/magazin\/artists\/bluesbrauser-1<\/a><\/p>\n<p>&#8211; <a href=\"http:\/\/cba.fro.at\/67514\" target=\"_blank\" rel=\"noopener noreferrer\">http:\/\/cba.fro.at\/67514<\/a> &nbsp; (Bluesbrauser live &amp; unplugged im G\u00f6tterfunk der Radiofabrik SBG)<\/p>\n<p><b>(9) Presse: Medien\/Reaktionen\/Rezensionen\/Zitate<\/b><\/p>\n<p>Concerto 12\/2015:<\/p>\n<p><img loading=\"lazy\" decoding=\"async\" class=\"aligncenter size-full wp-image-557\" src=\"http:\/\/www.bluesbrauser.com\/wordpress\/wp-content\/uploads\/2016\/01\/Rezension_CD2015_Concerto_Bluesbrauser_2.jpg\" alt=\"Rezension_CD2015_Concerto_Bluesbrauser_2\" width=\"380\" height=\"498\" srcset=\"http:\/\/www.bluesbrauser.com\/wordpress\/wp-content\/uploads\/2016\/01\/Rezension_CD2015_Concerto_Bluesbrauser_2.jpg 380w, http:\/\/www.bluesbrauser.com\/wordpress\/wp-content\/uploads\/2016\/01\/Rezension_CD2015_Concerto_Bluesbrauser_2-229x300.jpg 229w\" sizes=\"auto, (max-width: 380px) 100vw, 380px\" \/><\/p>\n<p>&nbsp;<\/p>\n<p>Pongauer Nachrichten 12\/2015:<\/p>\n<p><img loading=\"lazy\" decoding=\"async\" class=\"aligncenter wp-image-534 size-full\" src=\"http:\/\/www.bluesbrauser.com\/wordpress\/wp-content\/uploads\/2015\/12\/Bluesbrauser_PongauerNachrichten_17.12_V2-1.jpg\" alt=\"Bluesbrauser_PongauerNachrichten_17.12_V2\" width=\"709\" height=\"430\" srcset=\"http:\/\/www.bluesbrauser.com\/wordpress\/wp-content\/uploads\/2015\/12\/Bluesbrauser_PongauerNachrichten_17.12_V2-1.jpg 709w, http:\/\/www.bluesbrauser.com\/wordpress\/wp-content\/uploads\/2015\/12\/Bluesbrauser_PongauerNachrichten_17.12_V2-1-300x182.jpg 300w\" sizes=\"auto, (max-width: 709px) 100vw, 709px\" \/><\/p>\n<p>&nbsp;<\/p>\n<p>Salzburger Nachrichten 09\/2015:<\/p>\n<p><img loading=\"lazy\" decoding=\"async\" class=\"aligncenter size-full wp-image-506\" src=\"http:\/\/www.bluesbrauser.com\/wordpress\/wp-content\/uploads\/2015\/10\/SN-Bluesbrauser-2015-e1444464471513.jpg\" alt=\"SN Bluesbrauser 2015\" width=\"700\" height=\"379\"><\/p>\n<p>&nbsp;<\/p>\n<p>Salzburger Nachrichten 06\/2012<\/p>\n<p><img loading=\"lazy\" decoding=\"async\" class=\"aligncenter size-full wp-image-566\" src=\"http:\/\/www.bluesbrauser.com\/wordpress\/wp-content\/uploads\/2016\/01\/SN-Juni-2012-Koa-Zeit.jpg\" alt=\"SN-Juni-2012-Koa-Zeit\" width=\"850\" height=\"907\" srcset=\"http:\/\/www.bluesbrauser.com\/wordpress\/wp-content\/uploads\/2016\/01\/SN-Juni-2012-Koa-Zeit.jpg 850w, http:\/\/www.bluesbrauser.com\/wordpress\/wp-content\/uploads\/2016\/01\/SN-Juni-2012-Koa-Zeit-281x300.jpg 281w, http:\/\/www.bluesbrauser.com\/wordpress\/wp-content\/uploads\/2016\/01\/SN-Juni-2012-Koa-Zeit-768x820.jpg 768w\" sizes=\"auto, (max-width: 850px) 100vw, 850px\" \/><\/p>\n<p>&nbsp;<\/p>\n<p>\u201e[&#8230;] Nach \u00fcber 2 Stunden Programm, inklusive der Zugabe \u201cIss a Kebab\u201d (mit der Melodie vom Calypso-Klassiker \u201cBanana Boat Song\u201d), hatten es die Bluesbrauser an jenem Dezemberabend wohl nicht allen recht, vielen aber vor Lachen leichter gemacht. Auch in den n\u00e4chsten Monaten sind sie zum Beispiel am 17. M\u00e4rz beim Snowjazz in Gastein unterwegs, um ihre witzige Blues- und Folkmusik unterm Volk zu verteilen. Aber Vorsicht: Nicht lachen &#8211; tut weh!\u201c &nbsp;[<b>Robert Innerhofer<\/b>, Salzburger Nachrichten online, 2006]<\/p>\n<p>[&#8230;] Die Bluesbrauser aus dem Pongau rund um S\u00e4nger Alexander Reicher belegten am Ende Platz zwei und kamen mit ihrer Art <b>Musikkabarett <\/b>und <b>gro\u00dfer Musikalit\u00e4t <\/b>nicht nur beim Publikum gut an. [&#8230;][Salzburger Nachrichten online, 15. Februar 2008, Protestsongcontest 2008]<\/p>\n<p>[&#8230;] <b>Der Salzburger Combo \u201eBluesbrauser\u201c gelang Unvermutetes: <\/b>Mundartgesang, der ohne Grunge-, Hip-Hop- oder Elektronikelemente auskommt, steht beim Contest sonst als sicherer Verlierer da. Die Pongauer schafften es mit ihrer locker-professionellen Darbietung einer stimmigen Komposition mit nicht ganz d\u00e4mlichem Text heuer sogar fast auf den Siegerplatz.[&#8230;]&nbsp;[<b>Maria Sterkl<\/b>, Salzburger Nachrichten, 14. Februar 2008, Protestsongcontest 2008]<\/p>\n<p>[&#8230;] Die Zweitplatzierten Bluesbrauser outeten sich als Salzburger Phobiker-Gruppe mit Angst vor Mikros oder gar sich selbst (\u201cAuto-Phobie\u201d), die mit \u201cI fiacht mi vor\u2019m Friseur\u201d alle irgendwie erreichte und die meisten wussten gar nicht wieso eigentlich. Zeilen wie \u201ci fiarcht mi vor dem Verruckten der de Ortstafeln verruckt\u201d, der eingestandenen Panik vor der vierten Starmania-Staffel oder dem Ex-Fionanzminister-Doppel hatten wohl einfach den breitesten Identifikationswert.[&#8230;]&nbsp;&nbsp;[<b>Anne Katrin Fe\u00dfler<\/b>, Der Standard, 13. Februar 2008, Protestsongcontest 2008]<\/p>\n<p>[&#8230;] <b>Bluesbrauser sind eine Entdeckung des Abends<\/b>. Auch wenn es f\u00fcr den Sieg knapp nicht reicht, spielt sich die Salzburger Formation mit ihrer Standupcomedyeinlage in die Herzen der Fans. In einer nachgestellten Sitzung einer Selbsthilfegruppe kommt die Band zum Entschluss: \u201cbessere Phobien braucht das Land!\u201d. Wer braucht schon Xeno- oder Homophobie, wenn wom\u00f6glich auch die Keirophobie ihren Zweck erf\u00fcllt? Damit bezeichnen die Rockkabarettisten die Angst vor dem Fris\u00f6r.[&#8230;] [FM4, <b>Arthur Ein\u00f6der<\/b>, Februar 2008]<\/p>\n<p><b>Pongauer Bluesbrauser erobern Wien<\/b><\/p>\n<p>Beim Protestsongcontest 2008 hat es die Pongauer Band Bluesbrauser mit ihrem Lied \u201eI fiacht mi vor\u2019m Friseur\u201c aus 240 Einsendungen unter die besten Zehn geschafft. Ob die Pongauer Dialekt-Combo den von FM4 initiierten Songcontest gewinnt, wird sich am 12. Februar in Wien zeigen. Dann werden n\u00e4mlich die besten 10 Songs im Rahmen des Protestsongcontest-Finales im Rabenhof Theater aufgef\u00fchrt und von FM4 (20 Uhr) live \u00fcbertragen. [Salzburger Fenster, Februar 2008]<\/p>\n","protected":false},"excerpt":{"rendered":"<p>(1) Pressetext Bluesbrauser &#8211; W\u00e5s s\u00e5g er? (Live) Endlich ist es soweit: Die Bluesbrauser pr\u00e4sentieren mit \u201eW\u00e5s s\u00e5g er?\u201c ihr erstes&nbsp;Live-Album. Nach drei Studiowerken (\u201eKasleberkas\u201c\/2004, \u201eI fiacht mi vor\u2019m Friseur\u201c\/2008, und \u201eKoa Zeit\u201c\/2012) erlebt man die Brauser auf \u201eW\u00e5s s\u00e5g er?\u201c (2014) voll und ganz in ihrem Element \u2013 beim Live-Musizieren von pointierten Songs, die [&hellip;]<\/p>\n","protected":false},"author":1,"featured_media":0,"parent":0,"menu_order":0,"comment_status":"closed","ping_status":"closed","template":"","meta":{"ngg_post_thumbnail":0,"footnotes":""},"class_list":["post-552","page","type-page","status-publish","hentry"],"_links":{"self":[{"href":"http:\/\/www.bluesbrauser.com\/wordpress\/index.php?rest_route=\/wp\/v2\/pages\/552","targetHints":{"allow":["GET"]}}],"collection":[{"href":"http:\/\/www.bluesbrauser.com\/wordpress\/index.php?rest_route=\/wp\/v2\/pages"}],"about":[{"href":"http:\/\/www.bluesbrauser.com\/wordpress\/index.php?rest_route=\/wp\/v2\/types\/page"}],"author":[{"embeddable":true,"href":"http:\/\/www.bluesbrauser.com\/wordpress\/index.php?rest_route=\/wp\/v2\/users\/1"}],"replies":[{"embeddable":true,"href":"http:\/\/www.bluesbrauser.com\/wordpress\/index.php?rest_route=%2Fwp%2Fv2%2Fcomments&post=552"}],"version-history":[{"count":18,"href":"http:\/\/www.bluesbrauser.com\/wordpress\/index.php?rest_route=\/wp\/v2\/pages\/552\/revisions"}],"predecessor-version":[{"id":1203,"href":"http:\/\/www.bluesbrauser.com\/wordpress\/index.php?rest_route=\/wp\/v2\/pages\/552\/revisions\/1203"}],"wp:attachment":[{"href":"http:\/\/www.bluesbrauser.com\/wordpress\/index.php?rest_route=%2Fwp%2Fv2%2Fmedia&parent=552"}],"curies":[{"name":"wp","href":"https:\/\/api.w.org\/{rel}","templated":true}]}}